{"id":2530,"date":"2024-03-12T18:31:50","date_gmt":"2024-03-12T18:31:50","guid":{"rendered":"https:\/\/www.windmob.pt\/dev\/?page_id=2530"},"modified":"2024-04-17T17:18:57","modified_gmt":"2024-04-17T17:18:57","slug":"sobre-nos","status":"publish","type":"page","link":"https:\/\/www.windmob.pt\/dev\/sobre-nos\/","title":{"rendered":"Sobre n\u00f3s"},"content":{"rendered":"\t\t<div data-elementor-type=\"wp-page\" data-elementor-id=\"2530\" class=\"elementor elementor-2530\">\n\t\t\t\t<div class=\"elementor-element elementor-element-a71fb25 e-flex e-con-boxed lakit-col-width-auto-no e-container e-root-container elementor-top-section e-con e-parent\" data-id=\"a71fb25\" data-element_type=\"container\" data-e-type=\"container\" data-settings=\"{&quot;background_background&quot;:&quot;classic&quot;,&quot;background_motion_fx_motion_fx_scrolling&quot;:&quot;yes&quot;,&quot;background_motion_fx_translateY_effect&quot;:&quot;yes&quot;,&quot;background_motion_fx_devices&quot;:[&quot;desktop&quot;,&quot;tablet&quot;,&quot;laptop&quot;],&quot;background_motion_fx_translateY_speed&quot;:{&quot;unit&quot;:&quot;px&quot;,&quot;size&quot;:3,&quot;sizes&quot;:[]},&quot;background_motion_fx_translateY_affectedRange&quot;:{&quot;unit&quot;:&quot;%&quot;,&quot;size&quot;:&quot;&quot;,&quot;sizes&quot;:{&quot;start&quot;:20,&quot;end&quot;:80}}}\">\n\t\t\t\t\t<div class=\"e-con-inner\">\n\t\t\t\t<div class=\"elementor-element elementor-element-7f8643a elementor-widget elementor-widget-heading\" data-id=\"7f8643a\" data-element_type=\"widget\" data-e-type=\"widget\" data-widget_type=\"heading.default\">\n\t\t\t\t<div class=\"elementor-widget-container\">\n\t\t\t\t\t<h2 class=\"elementor-heading-title elementor-size-default\">Espa\u00e7os Inspiradores<\/h2>\t\t\t\t<\/div>\n\t\t\t\t<\/div>\n\t\t\t\t<div class=\"elementor-element elementor-element-c434163 elementor-widget elementor-widget-spacer\" data-id=\"c434163\" data-element_type=\"widget\" data-e-type=\"widget\" data-widget_type=\"spacer.default\">\n\t\t\t\t<div class=\"elementor-widget-container\">\n\t\t\t\t\t\t\t<div class=\"elementor-spacer\">\n\t\t\t<div class=\"elementor-spacer-inner\"><\/div>\n\t\t<\/div>\n\t\t\t\t\t\t<\/div>\n\t\t\t\t<\/div>\n\t\t\t\t\t<\/div>\n\t\t\t\t<\/div>\n\t\t<div class=\"elementor-element elementor-element-ea24407 e-flex e-con-boxed lakit-col-width-auto-no e-container e-root-container elementor-top-section e-con e-parent\" data-id=\"ea24407\" data-element_type=\"container\" data-e-type=\"container\">\n\t\t\t\t\t<div class=\"e-con-inner\">\n\t\t<div class=\"elementor-element elementor-element-7963b75 e-con-full e-flex lakit-col-width-auto-no e-container e-con e-child\" data-id=\"7963b75\" data-element_type=\"container\" data-e-type=\"container\">\n\t\t\t\t<div class=\"elementor-element elementor-element-491a242 elementor-widget elementor-widget-image\" data-id=\"491a242\" data-element_type=\"widget\" data-e-type=\"widget\" data-widget_type=\"image.default\">\n\t\t\t\t<div class=\"elementor-widget-container\">\n\t\t\t\t\t\t\t\t\t\t\t\t\t\t\t<img fetchpriority=\"high\" decoding=\"async\" width=\"740\" height=\"610\" src=\"https:\/\/www.windmob.pt\/dev\/wp-content\/uploads\/2024\/03\/sobre-nos-2.png\" class=\"attachment-large size-large wp-image-2532\" alt=\"\" \/>\t\t\t\t\t\t\t\t\t\t\t\t\t\t\t<\/div>\n\t\t\t\t<\/div>\n\t\t\t\t<\/div>\n\t\t<div class=\"elementor-element elementor-element-57005b8 e-con-full e-flex lakit-col-width-auto-no e-container e-con e-child\" data-id=\"57005b8\" data-element_type=\"container\" data-e-type=\"container\">\n\t\t\t\t<div class=\"elementor-element elementor-element-d4bb039 elementor-widget elementor-widget-heading\" data-id=\"d4bb039\" data-element_type=\"widget\" data-e-type=\"widget\" data-widget_type=\"heading.default\">\n\t\t\t\t<div class=\"elementor-widget-container\">\n\t\t\t\t\t<h2 class=\"elementor-heading-title elementor-size-default\">Sobre n\u00f3s<\/h2>\t\t\t\t<\/div>\n\t\t\t\t<\/div>\n\t\t\t\t<div class=\"elementor-element elementor-element-deecdbd lakit-equal-height-disable elementor-widget lastudio-kit elementor-lakit-icon-box\" data-id=\"deecdbd\" data-element_type=\"widget\" data-e-type=\"widget\" data-widget_type=\"lakit-icon-box.default\">\n\t\t\t\t\t<div class=\"lakit-iconbox lakit-iconbox__icon-align-top elementor-animation- \"><div class=\"lakit-iconbox__box_body\"><h3 class=\"lakit-iconbox__title\">Transformando Espa\u00e7os, Impulsionando Produtividade<\/h3><div class=\"lakit-iconbox__desc\"><p>A WINDMOB nasce em 2012 tendo como objetivo a comercializa\u00e7\u00e3o de mobili\u00e1rio e compartimenta\u00e7\u00e3o de espa\u00e7os para escrit\u00f3rios.<br \/>A consistente experi\u00eancia que possu\u00edmos no mercado em refer\u00eancia, permite-nos desenvolver um servi\u00e7o que vai desde a otimiza\u00e7\u00e3o \u00e0 implementa\u00e7\u00e3o das melhores solu\u00e7\u00f5es em espa\u00e7os interiores. <br \/>O principal objectivo da WINDMOB \u00e9 a concretiza\u00e7\u00e3o de projetos s\u00f3lidos e eficazes, tendo como princ\u00edpios fundamentais o design, ergonomia, sustentabilidade e a m\u00e1xima satisfa\u00e7\u00e3o dos nossos clientes.<br \/>O trabalho \u00e9 uma parte significativa das nossas vidas e pode ser uma fonte de inspira\u00e7\u00e3o, motiva\u00e7\u00e3o e realiza\u00e7\u00e3o pessoal.<\/p><\/div><\/div><\/div>\t\t\t\t<\/div>\n\t\t\t\t<\/div>\n\t\t\t\t\t<\/div>\n\t\t\t\t<\/div>\n\t\t<div class=\"elementor-element elementor-element-b76f092 e-flex e-con-boxed lakit-col-width-auto-no e-container e-root-container elementor-top-section e-con e-parent\" data-id=\"b76f092\" data-element_type=\"container\" data-e-type=\"container\">\n\t\t\t\t\t<div class=\"e-con-inner\">\n\t\t\t\t\t<\/div>\n\t\t\t\t<\/div>\n\t\t\t\t<\/div>\n\t\t","protected":false},"excerpt":{"rendered":"<p>Espa\u00e7os Inspiradores Sobre n\u00f3s Transformando Espa\u00e7os, Impulsionando Produtividade A WINDMOB nasce em 2012 tendo como objetivo a comercializa\u00e7\u00e3o de mobili\u00e1rio e compartimenta\u00e7\u00e3o de espa\u00e7os para escrit\u00f3rios.A consistente experi\u00eancia que possu\u00edmos no mercado em refer\u00eancia, permite-nos desenvolver um servi\u00e7o que vai desde a otimiza\u00e7\u00e3o \u00e0 implementa\u00e7\u00e3o das melhores solu\u00e7\u00f5es em espa\u00e7os interiores.&hellip;<\/p>\n","protected":false},"author":1,"featured_media":0,"parent":0,"menu_order":0,"comment_status":"closed","ping_status":"closed","template":"","meta":{"footnotes":""},"class_list":["post-2530","page","type-page","status-publish","hentry"],"_links":{"self":[{"href":"https:\/\/www.windmob.pt\/dev\/wp-json\/wp\/v2\/pages\/2530","targetHints":{"allow":["GET"]}}],"collection":[{"href":"https:\/\/www.windmob.pt\/dev\/wp-json\/wp\/v2\/pages"}],"about":[{"href":"https:\/\/www.windmob.pt\/dev\/wp-json\/wp\/v2\/types\/page"}],"author":[{"embeddable":true,"href":"https:\/\/www.windmob.pt\/dev\/wp-json\/wp\/v2\/users\/1"}],"replies":[{"embeddable":true,"href":"https:\/\/www.windmob.pt\/dev\/wp-json\/wp\/v2\/comments?post=2530"}],"version-history":[{"count":19,"href":"https:\/\/www.windmob.pt\/dev\/wp-json\/wp\/v2\/pages\/2530\/revisions"}],"predecessor-version":[{"id":2816,"href":"https:\/\/www.windmob.pt\/dev\/wp-json\/wp\/v2\/pages\/2530\/revisions\/2816"}],"wp:attachment":[{"href":"https:\/\/www.windmob.pt\/dev\/wp-json\/wp\/v2\/media?parent=2530"}],"curies":[{"name":"wp","href":"https:\/\/api.w.org\/{rel}","templated":true}]}}